{"id":157,"date":"2021-12-21T19:38:26","date_gmt":"2021-12-21T18:38:26","guid":{"rendered":"https:\/\/monitoraggio.arpab.it\/?page_id=157"},"modified":"2021-12-22T19:00:41","modified_gmt":"2021-12-22T18:00:41","slug":"monitoraggio-aria","status":"publish","type":"page","link":"https:\/\/monitoraggio.arpab.it\/?page_id=157","title":{"rendered":"Monitoraggio acque"},"content":{"rendered":"<p>La rete di monitoraggio della qualit\u00e0 delle acque \u00e8 costituita da n.23 stazioni automatiche dislocate sui principali bacini idrografici regionali.<br \/>\nLa rete assicurer\u00e0, con una operativit\u00e0 sulle 24 ore, il monitoraggio qualitativo e quantitativo attraverso la determinazione in continuo dei dati di conducibilit\u00e0, pH, ossigeno disciolto, potenziale redox e temperatura dell\u2019acqua, nelle stazioni dotate di tale sensoristica. Analogamente consentir\u00e0 il monitoraggio in continuo dei dati meteo idrologici quali ad esempio la portata, il livello idrometrico, la direzione e la velocit\u00e0 del vento oltre che l\u2019intensit\u00e0 della pioggia.<br \/>\nLa rete cos\u00ec strutturata costituir\u00e0 un utile strumento di analisi e di allertamento di situazioni di criticit\u00e0 anche ad integrazione dei punti di misura attualmente in uso al CFD.<br \/>\nI dati saranno disponibili in tempo reale e saranno completamente consultabili sul portale del CMA.<\/p>\n","protected":false},"excerpt":{"rendered":"<p>La rete di monitoraggio della qualit\u00e0 delle acque \u00e8 costituita da n.23 stazioni automatiche dislocate sui principali bacini idrografici regionali. La rete assicurer\u00e0, con una &#8230; <\/p>\n","protected":false},"author":1,"featured_media":0,"parent":0,"menu_order":0,"comment_status":"closed","ping_status":"closed","template":"","meta":{"footnotes":""},"acf":[],"_links":{"self":[{"href":"https:\/\/monitoraggio.arpab.it\/index.php?rest_route=\/wp\/v2\/pages\/157"}],"collection":[{"href":"https:\/\/monitoraggio.arpab.it\/index.php?rest_route=\/wp\/v2\/pages"}],"about":[{"href":"https:\/\/monitoraggio.arpab.it\/index.php?rest_route=\/wp\/v2\/types\/page"}],"author":[{"embeddable":true,"href":"https:\/\/monitoraggio.arpab.it\/index.php?rest_route=\/wp\/v2\/users\/1"}],"replies":[{"embeddable":true,"href":"https:\/\/monitoraggio.arpab.it\/index.php?rest_route=%2Fwp%2Fv2%2Fcomments&post=157"}],"version-history":[{"count":3,"href":"https:\/\/monitoraggio.arpab.it\/index.php?rest_route=\/wp\/v2\/pages\/157\/revisions"}],"predecessor-version":[{"id":208,"href":"https:\/\/monitoraggio.arpab.it\/index.php?rest_route=\/wp\/v2\/pages\/157\/revisions\/208"}],"wp:attachment":[{"href":"https:\/\/monitoraggio.arpab.it\/index.php?rest_route=%2Fwp%2Fv2%2Fmedia&parent=157"}],"curies":[{"name":"wp","href":"https:\/\/api.w.org\/{rel}","templated":true}]}}