{"id":159,"date":"2021-12-21T19:38:36","date_gmt":"2021-12-21T18:38:36","guid":{"rendered":"https:\/\/monitoraggio.arpab.it\/?page_id=159"},"modified":"2021-12-22T19:01:24","modified_gmt":"2021-12-22T18:01:24","slug":"radioattivita","status":"publish","type":"page","link":"https:\/\/monitoraggio.arpab.it\/?page_id=159","title":{"rendered":"Radioattivit\u00e0"},"content":{"rendered":"<p>La rete di monitoraggio della radioattivit\u00e0 \u00e8 costituita da n. 2 centraline della radioattivit\u00e0 in aria posizionate a monte e a valle dell&#8217;impianto Nucleare ITREC di Rotondella. Attualmente, i dati della radioattivit\u00e0 sono acquisiti tramite il software proprietario NMC e memorizzati sul server locato nella sede di Potenza. I dati di di radioattivit\u00e0 vengono analizzati con periodicit\u00e0 per escludere o valutare l\u2019esistenza di &#8220;Anomalie Radiometriche&#8221;.<br \/>\nPur non essendo di semplice interpretazione i dati sono disponibili sul portale tra i parametri di maggiore interesse si annovera il Rateo di Dose Gamma (Radiazione Gamma, nel nuovo portale) che va sempre correlata ai dati meteo-pluviometrici delle stesse centraline, per dare la corretta valutazione di eventuali anomalie radiometriche.<br \/>\nI dati saranno disponibili in tempo reale e saranno completamente consultabili sul portale del CMA e costituir\u00e0 un utile strumento di analisi e di allertamento di situazioni di criticit\u00e0<\/p>\n","protected":false},"excerpt":{"rendered":"<p>La rete di monitoraggio della radioattivit\u00e0 \u00e8 costituita da n. 2 centraline della radioattivit\u00e0 in aria posizionate a monte e a valle dell&#8217;impianto Nucleare ITREC &#8230; <\/p>\n","protected":false},"author":1,"featured_media":0,"parent":0,"menu_order":0,"comment_status":"closed","ping_status":"closed","template":"","meta":{"footnotes":""},"acf":[],"_links":{"self":[{"href":"https:\/\/monitoraggio.arpab.it\/index.php?rest_route=\/wp\/v2\/pages\/159"}],"collection":[{"href":"https:\/\/monitoraggio.arpab.it\/index.php?rest_route=\/wp\/v2\/pages"}],"about":[{"href":"https:\/\/monitoraggio.arpab.it\/index.php?rest_route=\/wp\/v2\/types\/page"}],"author":[{"embeddable":true,"href":"https:\/\/monitoraggio.arpab.it\/index.php?rest_route=\/wp\/v2\/users\/1"}],"replies":[{"embeddable":true,"href":"https:\/\/monitoraggio.arpab.it\/index.php?rest_route=%2Fwp%2Fv2%2Fcomments&post=159"}],"version-history":[{"count":2,"href":"https:\/\/monitoraggio.arpab.it\/index.php?rest_route=\/wp\/v2\/pages\/159\/revisions"}],"predecessor-version":[{"id":209,"href":"https:\/\/monitoraggio.arpab.it\/index.php?rest_route=\/wp\/v2\/pages\/159\/revisions\/209"}],"wp:attachment":[{"href":"https:\/\/monitoraggio.arpab.it\/index.php?rest_route=%2Fwp%2Fv2%2Fmedia&parent=159"}],"curies":[{"name":"wp","href":"https:\/\/api.w.org\/{rel}","templated":true}]}}